{"id":253,"date":"2023-10-09T13:59:03","date_gmt":"2023-10-09T13:59:03","guid":{"rendered":"https:\/\/ormiban.org.br\/site\/?page_id=253"},"modified":"2023-10-09T14:05:19","modified_gmt":"2023-10-09T14:05:19","slug":"pastoreio-de-pastores","status":"publish","type":"page","link":"https:\/\/ormiban.org.br\/site\/pastoreio-de-pastores\/","title":{"rendered":"Pastoreio de Pastores"},"content":{"rendered":"\t\t<div data-elementor-type=\"wp-page\" data-elementor-id=\"253\" class=\"elementor elementor-253\" data-elementor-post-type=\"page\">\n\t\t\t\t\t\t<section class=\"elementor-section elementor-top-section elementor-element elementor-element-a14857c elementor-section-height-min-height elementor-section-boxed elementor-section-height-default elementor-section-items-middle\" data-id=\"a14857c\" data-element_type=\"section\" data-settings=\"{&quot;background_background&quot;:&quot;classic&quot;}\">\n\t\t\t\t\t\t<div class=\"elementor-container elementor-column-gap-default\">\n\t\t\t\t\t<div class=\"elementor-column elementor-col-100 elementor-top-column elementor-element elementor-element-06dafe0\" data-id=\"06dafe0\" data-element_type=\"column\">\n\t\t\t<div class=\"elementor-widget-wrap elementor-element-populated\">\n\t\t\t\t\t\t<div class=\"elementor-element elementor-element-dc80c81 elementor-widget elementor-widget-heading\" data-id=\"dc80c81\" data-element_type=\"widget\" data-widget_type=\"heading.default\">\n\t\t\t\t<div class=\"elementor-widget-container\">\n\t\t\t\t\t<h2 class=\"elementor-heading-title elementor-size-default\">Pastoreio de Pastores<\/h2>\t\t\t\t<\/div>\n\t\t\t\t<\/div>\n\t\t\t\t\t<\/div>\n\t\t<\/div>\n\t\t\t\t\t<\/div>\n\t\t<\/section>\n\t\t\t\t<section class=\"elementor-section elementor-top-section elementor-element elementor-element-7c376d4 elementor-section-boxed elementor-section-height-default elementor-section-height-default\" data-id=\"7c376d4\" data-element_type=\"section\">\n\t\t\t\t\t\t<div class=\"elementor-container elementor-column-gap-default\">\n\t\t\t\t\t<div class=\"elementor-column elementor-col-100 elementor-top-column elementor-element elementor-element-282cd6b\" data-id=\"282cd6b\" data-element_type=\"column\">\n\t\t\t<div class=\"elementor-widget-wrap elementor-element-populated\">\n\t\t\t\t\t\t<div class=\"elementor-element elementor-element-4eba406 elementor-widget elementor-widget-text-editor\" data-id=\"4eba406\" data-element_type=\"widget\" data-widget_type=\"text-editor.default\">\n\t\t\t\t<div class=\"elementor-widget-container\">\n\t\t\t\t\t\t\t\t\t<p>Ser pastoreado por um homem de Deus \u00e9 um privil\u00e9gio de poucos. A Ormiban, em seu planejamento estrat\u00e9gico, estabelece o pastoreio como uma das prioridades de nossa ordem de pastores para que tenhamos pastores saud\u00e1veis e bem cuidados<\/p>\t\t\t\t\t\t\t\t<\/div>\n\t\t\t\t<\/div>\n\t\t\t\t<div class=\"elementor-element elementor-element-843d79b elementor-widget elementor-widget-image\" data-id=\"843d79b\" data-element_type=\"widget\" data-widget_type=\"image.default\">\n\t\t\t\t<div class=\"elementor-widget-container\">\n\t\t\t\t\t\t\t\t\t\t\t\t\t\t\t<img fetchpriority=\"high\" decoding=\"async\" width=\"1133\" height=\"744\" src=\"https:\/\/ormiban.org.br\/site\/wp-content\/uploads\/2023\/10\/pastoreio-folder-1133x744-1.png\" class=\"attachment-full size-full wp-image-255\" alt=\"\" srcset=\"https:\/\/ormiban.org.br\/site\/wp-content\/uploads\/2023\/10\/pastoreio-folder-1133x744-1.png 1133w, https:\/\/ormiban.org.br\/site\/wp-content\/uploads\/2023\/10\/pastoreio-folder-1133x744-1-300x197.png 300w, https:\/\/ormiban.org.br\/site\/wp-content\/uploads\/2023\/10\/pastoreio-folder-1133x744-1-1024x672.png 1024w, https:\/\/ormiban.org.br\/site\/wp-content\/uploads\/2023\/10\/pastoreio-folder-1133x744-1-768x504.png 768w\" sizes=\"(max-width: 1133px) 100vw, 1133px\" \/>\t\t\t\t\t\t\t\t\t\t\t\t\t\t\t<\/div>\n\t\t\t\t<\/div>\n\t\t\t\t\t<\/div>\n\t\t<\/div>\n\t\t\t\t\t<\/div>\n\t\t<\/section>\n\t\t\t\t<\/div>\n\t\t","protected":false},"excerpt":{"rendered":"<p>Pastoreio de Pastores Ser pastoreado por um homem de Deus \u00e9 um privil\u00e9gio de poucos. A Ormiban, em seu planejamento estrat\u00e9gico, estabelece o pastoreio como uma das prioridades de nossa ordem de pastores para que tenhamos pastores saud\u00e1veis e bem cuidados<\/p>\n","protected":false},"author":1,"featured_media":0,"parent":0,"menu_order":0,"comment_status":"closed","ping_status":"closed","template":"","meta":{"footnotes":""},"class_list":["post-253","page","type-page","status-publish","hentry"],"_links":{"self":[{"href":"https:\/\/ormiban.org.br\/site\/wp-json\/wp\/v2\/pages\/253","targetHints":{"allow":["GET"]}}],"collection":[{"href":"https:\/\/ormiban.org.br\/site\/wp-json\/wp\/v2\/pages"}],"about":[{"href":"https:\/\/ormiban.org.br\/site\/wp-json\/wp\/v2\/types\/page"}],"author":[{"embeddable":true,"href":"https:\/\/ormiban.org.br\/site\/wp-json\/wp\/v2\/users\/1"}],"replies":[{"embeddable":true,"href":"https:\/\/ormiban.org.br\/site\/wp-json\/wp\/v2\/comments?post=253"}],"version-history":[{"count":10,"href":"https:\/\/ormiban.org.br\/site\/wp-json\/wp\/v2\/pages\/253\/revisions"}],"predecessor-version":[{"id":273,"href":"https:\/\/ormiban.org.br\/site\/wp-json\/wp\/v2\/pages\/253\/revisions\/273"}],"wp:attachment":[{"href":"https:\/\/ormiban.org.br\/site\/wp-json\/wp\/v2\/media?parent=253"}],"curies":[{"name":"wp","href":"https:\/\/api.w.org\/{rel}","templated":true}]}}